{"id":757,"date":"2026-04-20T14:27:55","date_gmt":"2026-04-20T14:27:55","guid":{"rendered":"https:\/\/floscel-aubert-sculptures.fr\/?page_id=757"},"modified":"2026-04-20T14:27:55","modified_gmt":"2026-04-20T14:27:55","slug":"de-la-matiere-a-loeuvre","status":"publish","type":"page","link":"https:\/\/floscel-aubert-sculptures.fr\/index.php\/de-la-matiere-a-loeuvre\/","title":{"rendered":"De la mati\u00e8re \u00e0 l\u2019\u0153uvre"},"content":{"rendered":"<div class=\"et_pb_section_0 et_pb_section et_section_regular et_flex_section\">\n<div class=\"et_pb_row_0 et_pb_row et_flex_row\">\n<div class=\"et_pb_column_0 et_pb_column et-last-child et_flex_column et_pb_css_mix_blend_mode_passthrough et_flex_column_24_24 et_flex_column_24_24_tablet et_flex_column_24_24_phone\">\n<div class=\"et_pb_text_0 et_pb_text et_pb_bg_layout_light et_pb_module et_flex_module\"><div class=\"et_pb_text_inner\"><h2>Les \u00e9tapes<\/h2>\n<p>Chaque sculpture na\u00eet d\u2019un travail patient, o\u00f9 la mati\u00e8re brute se transforme peu \u00e0 peu en une \u0153uvre expressive et color\u00e9e.<\/p>\n<\/div><\/div>\n<\/div>\n<\/div>\n\n<div class=\"et_pb_row_1 et_pb_row et_flex_row\">\n<div class=\"et_pb_column_1 et_pb_column et_flex_column et_pb_css_mix_blend_mode_passthrough et_flex_column_8_24 et_flex_column_8_24_tablet et_flex_column_24_24_phone\">\n<div class=\"et_pb_image_0 et_pb_image et_animated et_pb_module et_flex_module\"><span class=\"et_pb_image_wrap\"><img loading=\"lazy\" decoding=\"async\" src=\"https:\/\/floscel-aubert-sculptures.fr\/wp-content\/uploads\/2026\/04\/9.png\" title=\"9\" width=\"1000\" height=\"1000\" srcset=\"https:\/\/floscel-aubert-sculptures.fr\/wp-content\/uploads\/2026\/04\/9.png 1000w, https:\/\/floscel-aubert-sculptures.fr\/wp-content\/uploads\/2026\/04\/9-980x980.png 980w, https:\/\/floscel-aubert-sculptures.fr\/wp-content\/uploads\/2026\/04\/9-480x480.png 480w\" sizes=\"(min-width: 0px) and (max-width: 480px) 480px, (min-width: 481px) and (max-width: 980px) 980px, (min-width: 981px) 1000px, 100vw\" class=\"wp-image-545\" \/><\/span><\/div>\n\n<div class=\"et_pb_text_1 et_pb_text et_pb_bg_layout_light et_pb_module et_flex_module\"><div class=\"et_pb_text_inner\"><p>01<\/p>\n<h4>La mati\u00e8re<\/h4>\n<p>Le b\u00e9ton cellulaire est s\u00e9lectionn\u00e9 pour sa l\u00e9g\u00e8ret\u00e9 et sa capacit\u00e9 \u00e0 \u00eatre fa\u00e7onn\u00e9 librement.<br \/>\n\u00c0 partir de ce mat\u00e9riau brut na\u00eet une premi\u00e8re forme, encore imparfaite, mais d\u00e9j\u00e0 porteuse d\u2019intention.<\/p>\n<\/div><\/div>\n<\/div>\n\n<div class=\"et_pb_column_2 et_pb_column et_flex_column et_pb_css_mix_blend_mode_passthrough et_flex_column_8_24 et_flex_column_8_24_tablet et_flex_column_24_24_phone\">\n<div class=\"et_pb_image_1 et_pb_image et_animated et_pb_module et_flex_module\"><span class=\"et_pb_image_wrap\"><img loading=\"lazy\" decoding=\"async\" src=\"https:\/\/floscel-aubert-sculptures.fr\/wp-content\/uploads\/2026\/04\/adr6.png\" title=\"adr(6)\" width=\"1000\" height=\"1000\" srcset=\"https:\/\/floscel-aubert-sculptures.fr\/wp-content\/uploads\/2026\/04\/adr6.png 1000w, https:\/\/floscel-aubert-sculptures.fr\/wp-content\/uploads\/2026\/04\/adr6-980x980.png 980w, https:\/\/floscel-aubert-sculptures.fr\/wp-content\/uploads\/2026\/04\/adr6-480x480.png 480w\" sizes=\"(min-width: 0px) and (max-width: 480px) 480px, (min-width: 481px) and (max-width: 980px) 980px, (min-width: 981px) 1000px, 100vw\" class=\"wp-image-547\" \/><\/span><\/div>\n\n<div class=\"et_pb_text_2 et_pb_text et_pb_bg_layout_light et_pb_module et_flex_module\"><div class=\"et_pb_text_inner\"><p>02<\/p>\n<h4>LA FORME<\/h4>\n<p>La sculpture se dessine progressivement.<br \/>\nLes volumes s\u2019affinent, les lignes apparaissent, et la pi\u00e8ce commence \u00e0 r\u00e9v\u00e9ler son identit\u00e9.<\/p>\n<\/div><\/div>\n<\/div>\n\n<div class=\"et_pb_column_3 et_pb_column et-last-child et_flex_column et_pb_css_mix_blend_mode_passthrough et_flex_column_8_24 et_flex_column_8_24_tablet et_flex_column_24_24_phone\">\n<div class=\"et_pb_image_2 et_pb_image et_animated et_pb_module et_flex_module\"><span class=\"et_pb_image_wrap\"><img loading=\"lazy\" decoding=\"async\" src=\"https:\/\/floscel-aubert-sculptures.fr\/wp-content\/uploads\/2026\/04\/10.png\" title=\"10\" width=\"1000\" height=\"1000\" srcset=\"https:\/\/floscel-aubert-sculptures.fr\/wp-content\/uploads\/2026\/04\/10.png 1000w, https:\/\/floscel-aubert-sculptures.fr\/wp-content\/uploads\/2026\/04\/10-980x980.png 980w, https:\/\/floscel-aubert-sculptures.fr\/wp-content\/uploads\/2026\/04\/10-480x480.png 480w\" sizes=\"(min-width: 0px) and (max-width: 480px) 480px, (min-width: 481px) and (max-width: 980px) 980px, (min-width: 981px) 1000px, 100vw\" class=\"wp-image-549\" \/><\/span><\/div>\n\n<div class=\"et_pb_text_3 et_pb_text et_pb_bg_layout_light et_pb_module et_flex_module\"><div class=\"et_pb_text_inner\"><p>03<\/p>\n<h4>LE D\u00c9TAIL<\/h4>\n<p>Chaque surface est travaill\u00e9e avec pr\u00e9cision.<br \/>\nLes traits, les expressions et les reliefs viennent donner du caract\u00e8re \u00e0 l\u2019\u0153uvre.<\/p>\n<\/div><\/div>\n<\/div>\n<\/div>\n\n<div class=\"et_pb_row_2 et_pb_row et_flex_row\">\n<div class=\"et_pb_column_4 et_pb_column et_flex_column et_pb_css_mix_blend_mode_passthrough et_flex_column_8_24 et_flex_column_8_24_tablet et_flex_column_24_24_phone\">\n<div class=\"et_pb_image_3 et_pb_image et_animated et_pb_module et_flex_module\"><span class=\"et_pb_image_wrap\"><img loading=\"lazy\" decoding=\"async\" src=\"https:\/\/floscel-aubert-sculptures.fr\/wp-content\/uploads\/2026\/04\/7.png\" title=\"7\" width=\"1000\" height=\"1000\" srcset=\"https:\/\/floscel-aubert-sculptures.fr\/wp-content\/uploads\/2026\/04\/7.png 1000w, https:\/\/floscel-aubert-sculptures.fr\/wp-content\/uploads\/2026\/04\/7-980x980.png 980w, https:\/\/floscel-aubert-sculptures.fr\/wp-content\/uploads\/2026\/04\/7-480x480.png 480w\" sizes=\"(min-width: 0px) and (max-width: 480px) 480px, (min-width: 481px) and (max-width: 980px) 980px, (min-width: 981px) 1000px, 100vw\" class=\"wp-image-551\" \/><\/span><\/div>\n\n<div class=\"et_pb_text_4 et_pb_text et_pb_bg_layout_light et_pb_module et_flex_module\"><div class=\"et_pb_text_inner\"><p>04<\/p>\n<h4>LA BASE<\/h4>\n<p>Une premi\u00e8re couche de peinture vient structurer la pi\u00e8ce.<br \/>\nElle pr\u00e9pare le support et d\u00e9finit les zones qui accueilleront les motifs et les couleurs.<\/p>\n<\/div><\/div>\n<\/div>\n\n<div class=\"et_pb_column_5 et_pb_column et_flex_column et_pb_css_mix_blend_mode_passthrough et_flex_column_8_24 et_flex_column_8_24_tablet et_flex_column_24_24_phone\">\n<div class=\"et_pb_image_4 et_pb_image et_animated et_pb_module et_flex_module\"><span class=\"et_pb_image_wrap\"><img loading=\"lazy\" decoding=\"async\" src=\"https:\/\/floscel-aubert-sculptures.fr\/wp-content\/uploads\/2026\/04\/5.png\" title=\"5\" width=\"1000\" height=\"1000\" srcset=\"https:\/\/floscel-aubert-sculptures.fr\/wp-content\/uploads\/2026\/04\/5.png 1000w, https:\/\/floscel-aubert-sculptures.fr\/wp-content\/uploads\/2026\/04\/5-980x980.png 980w, https:\/\/floscel-aubert-sculptures.fr\/wp-content\/uploads\/2026\/04\/5-480x480.png 480w\" sizes=\"(min-width: 0px) and (max-width: 480px) 480px, (min-width: 481px) and (max-width: 980px) 980px, (min-width: 981px) 1000px, 100vw\" class=\"wp-image-553\" \/><\/span><\/div>\n\n<div class=\"et_pb_text_5 et_pb_text et_pb_bg_layout_light et_pb_module et_flex_module\"><div class=\"et_pb_text_inner\"><p>05<\/p>\n<h4>LA MISE EN VALEUR<\/h4>\n<p>Certaines zones sont reprises pour accentuer les formes, souligner les reliefs et guider le regard.<br \/>\nCette \u00e9tape permet d\u2019\u00e9quilibrer la composition avant le travail final de peinture.<\/p>\n<\/div><\/div>\n<\/div>\n\n<div class=\"et_pb_column_6 et_pb_column et-last-child et_flex_column et_pb_css_mix_blend_mode_passthrough et_flex_column_8_24 et_flex_column_8_24_tablet et_flex_column_24_24_phone\">\n<div class=\"et_pb_image_5 et_pb_image et_animated et_pb_module et_flex_module\"><span class=\"et_pb_image_wrap\"><img loading=\"lazy\" decoding=\"async\" src=\"https:\/\/floscel-aubert-sculptures.fr\/wp-content\/uploads\/2026\/04\/6.png\" title=\"6\" width=\"1000\" height=\"1000\" srcset=\"https:\/\/floscel-aubert-sculptures.fr\/wp-content\/uploads\/2026\/04\/6.png 1000w, https:\/\/floscel-aubert-sculptures.fr\/wp-content\/uploads\/2026\/04\/6-980x980.png 980w, https:\/\/floscel-aubert-sculptures.fr\/wp-content\/uploads\/2026\/04\/6-480x480.png 480w\" sizes=\"(min-width: 0px) and (max-width: 480px) 480px, (min-width: 481px) and (max-width: 980px) 980px, (min-width: 981px) 1000px, 100vw\" class=\"wp-image-555\" \/><\/span><\/div>\n\n<div class=\"et_pb_text_6 et_pb_text et_pb_bg_layout_light et_pb_module et_flex_module\"><div class=\"et_pb_text_inner\"><p>06<\/p>\n<h4>LA PEINTURE DES D\u00c9TAILS<\/h4>\n<p>Les motifs, couleurs et finitions sont appliqu\u00e9s \u00e0 la main sur la sculpture.<br \/>\nC\u2019est \u00e0 cette \u00e9tape que l\u2019\u0153uvre prend pleinement vie et r\u00e9v\u00e8le toute sa singularit\u00e9.<\/p>\n<\/div><\/div>\n<\/div>\n<\/div>\n<\/div>","protected":false},"excerpt":{"rendered":"","protected":false},"author":1,"featured_media":0,"parent":0,"menu_order":0,"comment_status":"closed","ping_status":"closed","template":"","meta":{"_acf_changed":false,"footnotes":""},"class_list":["post-757","page","type-page","status-publish","hentry"],"acf":[],"_links":{"self":[{"href":"https:\/\/floscel-aubert-sculptures.fr\/index.php\/wp-json\/wp\/v2\/pages\/757","targetHints":{"allow":["GET"]}}],"collection":[{"href":"https:\/\/floscel-aubert-sculptures.fr\/index.php\/wp-json\/wp\/v2\/pages"}],"about":[{"href":"https:\/\/floscel-aubert-sculptures.fr\/index.php\/wp-json\/wp\/v2\/types\/page"}],"author":[{"embeddable":true,"href":"https:\/\/floscel-aubert-sculptures.fr\/index.php\/wp-json\/wp\/v2\/users\/1"}],"replies":[{"embeddable":true,"href":"https:\/\/floscel-aubert-sculptures.fr\/index.php\/wp-json\/wp\/v2\/comments?post=757"}],"version-history":[{"count":2,"href":"https:\/\/floscel-aubert-sculptures.fr\/index.php\/wp-json\/wp\/v2\/pages\/757\/revisions"}],"predecessor-version":[{"id":759,"href":"https:\/\/floscel-aubert-sculptures.fr\/index.php\/wp-json\/wp\/v2\/pages\/757\/revisions\/759"}],"wp:attachment":[{"href":"https:\/\/floscel-aubert-sculptures.fr\/index.php\/wp-json\/wp\/v2\/media?parent=757"}],"curies":[{"name":"wp","href":"https:\/\/api.w.org\/{rel}","templated":true}]}}