{"id":52,"date":"2026-03-24T08:48:14","date_gmt":"2026-03-24T08:48:14","guid":{"rendered":"https:\/\/strange-khorana.92-222-230-143.plesk.page\/?post_type=product&#038;p=52"},"modified":"2026-04-20T15:52:52","modified_gmt":"2026-04-20T15:52:52","slug":"mr-orange","status":"publish","type":"product","link":"https:\/\/floscel-aubert-sculptures.fr\/index.php\/produit\/mr-orange\/","title":{"rendered":"Mr Orange"},"content":{"rendered":"<p>M. Orange (Jumeau de\u00a0<i>M. Green) <\/i>est\u00a0 n\u00e9 en Australie. La couleur de base est plut\u00f4t orange, \u00e9voquant la couleur du sable m\u00e9lang\u00e9e aux rayons du soleil.<\/p>\n","protected":false},"excerpt":{"rendered":"<h2 class=\"x_MsoNormal\">Les Aborig\u00e8nes<\/h2>\n<p class=\"x_MsoNormal\">Ces 2 sculptures sont la fusion entre la forme de la sculpture (statues Moai construites par les Rapa Nui) et les couleurs aborig\u00e8nes d\u2019Australie. Leur point commun\u00a0: l\u2019oc\u00e9an pacifique.<\/p>\n<p class=\"x_MsoNormal\">D\u2019abord la forme des statues, un peu s\u00e9v\u00e8re \u00e0 l\u2019instar des statues Moai. Puis la peinture\u00a0:\u00a0 le \u00ab\u00a0pointillisme\u00a0oc\u00e9anien\u00bb,\u00a0 une technique largement utilis\u00e9e par les aborig\u00e8nes.\u00a0 Les points sont rapproch\u00e9s mais ne se m\u00e9langent mais permettent de dissimuler des symboles sacr\u00e9s. Ainsi j\u2019ai utilis\u00e9 des couleurs vives, j\u2019ai ajout\u00e9 des symboles li\u00e9s aux r\u00e9cits ancestraux des aborig\u00e8nes. Une fois peintes, les statues paraissent plus joyeuses\u00a0!<\/p>\n<p>&nbsp;<\/p>\n<p><img loading=\"lazy\" decoding=\"async\" class=\"size-medium wp-image-581 alignnone\" src=\"https:\/\/floscel-aubert-sculptures.fr\/wp-content\/uploads\/2026\/03\/adr8-1-300x300.png\" alt=\"\" width=\"300\" height=\"300\" \/> <img loading=\"lazy\" decoding=\"async\" class=\"size-medium wp-image-597 alignnone\" src=\"https:\/\/floscel-aubert-sculptures.fr\/wp-content\/uploads\/2026\/03\/adr16-300x300.png\" alt=\"\" width=\"300\" height=\"300\" \/><\/p>\n","protected":false},"featured_media":578,"template":"","meta":{"_acf_changed":false},"product_brand":[],"product_cat":[32,17],"product_tag":[],"class_list":{"0":"post-52","1":"product","2":"type-product","3":"status-publish","4":"has-post-thumbnail","6":"product_cat-les-aborigenes","7":"product_cat-statues","9":"first","10":"instock","11":"shipping-taxable","12":"product-type-simple"},"acf":[],"_links":{"self":[{"href":"https:\/\/floscel-aubert-sculptures.fr\/index.php\/wp-json\/wp\/v2\/product\/52","targetHints":{"allow":["GET"]}}],"collection":[{"href":"https:\/\/floscel-aubert-sculptures.fr\/index.php\/wp-json\/wp\/v2\/product"}],"about":[{"href":"https:\/\/floscel-aubert-sculptures.fr\/index.php\/wp-json\/wp\/v2\/types\/product"}],"wp:featuredmedia":[{"embeddable":true,"href":"https:\/\/floscel-aubert-sculptures.fr\/index.php\/wp-json\/wp\/v2\/media\/578"}],"wp:attachment":[{"href":"https:\/\/floscel-aubert-sculptures.fr\/index.php\/wp-json\/wp\/v2\/media?parent=52"}],"wp:term":[{"taxonomy":"product_brand","embeddable":true,"href":"https:\/\/floscel-aubert-sculptures.fr\/index.php\/wp-json\/wp\/v2\/product_brand?post=52"},{"taxonomy":"product_cat","embeddable":true,"href":"https:\/\/floscel-aubert-sculptures.fr\/index.php\/wp-json\/wp\/v2\/product_cat?post=52"},{"taxonomy":"product_tag","embeddable":true,"href":"https:\/\/floscel-aubert-sculptures.fr\/index.php\/wp-json\/wp\/v2\/product_tag?post=52"}],"curies":[{"name":"wp","href":"https:\/\/api.w.org\/{rel}","templated":true}]}}